{"id":7,"date":"2017-03-23T12:27:25","date_gmt":"2017-03-23T12:27:25","guid":{"rendered":"http:\/\/kb.heflo.com\/pt-br\/?page_id=7"},"modified":"2017-07-18T21:14:38","modified_gmt":"2017-07-18T21:14:38","slug":"home","status":"publish","type":"page","link":"https:\/\/kb.heflo.com\/pt-br\/home\/","title":{"rendered":"Home"},"content":{"rendered":"","protected":false},"excerpt":{"rendered":"","protected":false},"author":1,"featured_media":0,"parent":0,"menu_order":0,"comment_status":"closed","ping_status":"closed","template":"template-homepage.php","meta":{"_mi_skip_tracking":false},"yoast_head":"<!-- This site is optimized with the Yoast SEO plugin v17.8 - https:\/\/yoast.com\/wordpress\/plugins\/seo\/ -->\n<title>HEFLO! Como podemos ajudar?<\/title>\n<meta name=\"description\" content=\"Aqui voc\u00ea encontrar\u00e1 resolu\u00e7\u00e3o de problemas, dicas de uso do HEFLO BPM e informa\u00e7\u00f5es sobre atualiza\u00e7\u00f5es. Conhe\u00e7a nossa base de conhecimento!\" \/>\n<meta name=\"robots\" content=\"index, follow, max-snippet:-1, max-image-preview:large, max-video-preview:-1\" \/>\n<link rel=\"canonical\" href=\"https:\/\/kb.heflo.com\/pt-br\/home\/\" \/>\n<meta property=\"og:locale\" content=\"pt_BR\" \/>\n<meta property=\"og:type\" content=\"article\" \/>\n<meta property=\"og:title\" content=\"HEFLO! Como podemos ajudar?\" \/>\n<meta property=\"og:description\" content=\"Aqui voc\u00ea encontrar\u00e1 resolu\u00e7\u00e3o de problemas, dicas de uso do HEFLO BPM e informa\u00e7\u00f5es sobre atualiza\u00e7\u00f5es. Conhe\u00e7a nossa base de conhecimento!\" \/>\n<meta property=\"og:url\" content=\"https:\/\/kb.heflo.com\/pt-br\/home\/\" \/>\n<meta property=\"og:site_name\" content=\"HEFLO Central de Ajuda\" \/>\n<meta property=\"article:modified_time\" content=\"2017-07-18T21:14:38+00:00\" \/>\n<meta name=\"twitter:card\" content=\"summary\" \/>\n<script type=\"application\/ld+json\" class=\"yoast-schema-graph\">{\"@context\":\"https:\/\/schema.org\",\"@graph\":[{\"@type\":\"WebSite\",\"@id\":\"https:\/\/kb.heflo.com\/pt-br\/#website\",\"url\":\"https:\/\/kb.heflo.com\/pt-br\/\",\"name\":\"HEFLO Central de Ajuda\",\"description\":\"HEFLO Central de Ajuda\",\"potentialAction\":[{\"@type\":\"SearchAction\",\"target\":{\"@type\":\"EntryPoint\",\"urlTemplate\":\"https:\/\/kb.heflo.com\/pt-br\/?s={search_term_string}\"},\"query-input\":\"required name=search_term_string\"}],\"inLanguage\":\"pt-BR\"},{\"@type\":\"WebPage\",\"@id\":\"https:\/\/kb.heflo.com\/pt-br\/home\/#webpage\",\"url\":\"https:\/\/kb.heflo.com\/pt-br\/home\/\",\"name\":\"HEFLO! Como podemos ajudar?\",\"isPartOf\":{\"@id\":\"https:\/\/kb.heflo.com\/pt-br\/#website\"},\"datePublished\":\"2017-03-23T12:27:25+00:00\",\"dateModified\":\"2017-07-18T21:14:38+00:00\",\"description\":\"Aqui voc\\u00ea encontrar\\u00e1 resolu\\u00e7\\u00e3o de problemas, dicas de uso do HEFLO BPM e informa\\u00e7\\u00f5es sobre atualiza\\u00e7\\u00f5es. Conhe\\u00e7a nossa base de conhecimento!\",\"breadcrumb\":{\"@id\":\"https:\/\/kb.heflo.com\/pt-br\/home\/#breadcrumb\"},\"inLanguage\":\"pt-BR\",\"potentialAction\":[{\"@type\":\"ReadAction\",\"target\":[\"https:\/\/kb.heflo.com\/pt-br\/home\/\"]}]},{\"@type\":\"BreadcrumbList\",\"@id\":\"https:\/\/kb.heflo.com\/pt-br\/home\/#breadcrumb\",\"itemListElement\":[{\"@type\":\"ListItem\",\"position\":1,\"name\":\"Home\",\"item\":\"https:\/\/kb.heflo.com\/pt-br\/\"},{\"@type\":\"ListItem\",\"position\":2,\"name\":\"Home\"}]}]}<\/script>\n<!-- \/ Yoast SEO plugin. -->","yoast_head_json":{"title":"HEFLO! Como podemos ajudar?","description":"Aqui voc\u00ea encontrar\u00e1 resolu\u00e7\u00e3o de problemas, dicas de uso do HEFLO BPM e informa\u00e7\u00f5es sobre atualiza\u00e7\u00f5es. Conhe\u00e7a nossa base de conhecimento!","robots":{"index":"index","follow":"follow","max-snippet":"max-snippet:-1","max-image-preview":"max-image-preview:large","max-video-preview":"max-video-preview:-1"},"canonical":"https:\/\/kb.heflo.com\/pt-br\/home\/","og_locale":"pt_BR","og_type":"article","og_title":"HEFLO! Como podemos ajudar?","og_description":"Aqui voc\u00ea encontrar\u00e1 resolu\u00e7\u00e3o de problemas, dicas de uso do HEFLO BPM e informa\u00e7\u00f5es sobre atualiza\u00e7\u00f5es. Conhe\u00e7a nossa base de conhecimento!","og_url":"https:\/\/kb.heflo.com\/pt-br\/home\/","og_site_name":"HEFLO Central de Ajuda","article_modified_time":"2017-07-18T21:14:38+00:00","twitter_card":"summary","schema":{"@context":"https:\/\/schema.org","@graph":[{"@type":"WebSite","@id":"https:\/\/kb.heflo.com\/pt-br\/#website","url":"https:\/\/kb.heflo.com\/pt-br\/","name":"HEFLO Central de Ajuda","description":"HEFLO Central de Ajuda","potentialAction":[{"@type":"SearchAction","target":{"@type":"EntryPoint","urlTemplate":"https:\/\/kb.heflo.com\/pt-br\/?s={search_term_string}"},"query-input":"required name=search_term_string"}],"inLanguage":"pt-BR"},{"@type":"WebPage","@id":"https:\/\/kb.heflo.com\/pt-br\/home\/#webpage","url":"https:\/\/kb.heflo.com\/pt-br\/home\/","name":"HEFLO! Como podemos ajudar?","isPartOf":{"@id":"https:\/\/kb.heflo.com\/pt-br\/#website"},"datePublished":"2017-03-23T12:27:25+00:00","dateModified":"2017-07-18T21:14:38+00:00","description":"Aqui voc\u00ea encontrar\u00e1 resolu\u00e7\u00e3o de problemas, dicas de uso do HEFLO BPM e informa\u00e7\u00f5es sobre atualiza\u00e7\u00f5es. Conhe\u00e7a nossa base de conhecimento!","breadcrumb":{"@id":"https:\/\/kb.heflo.com\/pt-br\/home\/#breadcrumb"},"inLanguage":"pt-BR","potentialAction":[{"@type":"ReadAction","target":["https:\/\/kb.heflo.com\/pt-br\/home\/"]}]},{"@type":"BreadcrumbList","@id":"https:\/\/kb.heflo.com\/pt-br\/home\/#breadcrumb","itemListElement":[{"@type":"ListItem","position":1,"name":"Home","item":"https:\/\/kb.heflo.com\/pt-br\/"},{"@type":"ListItem","position":2,"name":"Home"}]}]}},"_links":{"self":[{"href":"https:\/\/kb.heflo.com\/pt-br\/wp-json\/wp\/v2\/pages\/7"}],"collection":[{"href":"https:\/\/kb.heflo.com\/pt-br\/wp-json\/wp\/v2\/pages"}],"about":[{"href":"https:\/\/kb.heflo.com\/pt-br\/wp-json\/wp\/v2\/types\/page"}],"author":[{"embeddable":true,"href":"https:\/\/kb.heflo.com\/pt-br\/wp-json\/wp\/v2\/users\/1"}],"replies":[{"embeddable":true,"href":"https:\/\/kb.heflo.com\/pt-br\/wp-json\/wp\/v2\/comments?post=7"}],"version-history":[{"count":1,"href":"https:\/\/kb.heflo.com\/pt-br\/wp-json\/wp\/v2\/pages\/7\/revisions"}],"predecessor-version":[{"id":8,"href":"https:\/\/kb.heflo.com\/pt-br\/wp-json\/wp\/v2\/pages\/7\/revisions\/8"}],"wp:attachment":[{"href":"https:\/\/kb.heflo.com\/pt-br\/wp-json\/wp\/v2\/media?parent=7"}],"curies":[{"name":"wp","href":"https:\/\/api.w.org\/{rel}","templated":true}]}}