{"id":25,"date":"2017-06-21T21:53:16","date_gmt":"2017-06-21T21:53:16","guid":{"rendered":"https:\/\/kb.heflo.com\/es\/?page_id=25"},"modified":"2017-07-18T21:14:38","modified_gmt":"2017-07-18T21:14:38","slug":"home","status":"publish","type":"page","link":"https:\/\/kb.heflo.com\/es\/home\/","title":{"rendered":"Home"},"content":{"rendered":"","protected":false},"excerpt":{"rendered":"","protected":false},"author":1,"featured_media":0,"parent":0,"menu_order":0,"comment_status":"closed","ping_status":"closed","template":"template-homepage.php","meta":{"_mi_skip_tracking":false},"yoast_head":"<!-- This site is optimized with the Yoast SEO plugin v17.8 - https:\/\/yoast.com\/wordpress\/plugins\/seo\/ -->\n<title>\u00a1HEFLO! \u00bfC\u00f3mo podemos ayudarlo?<\/title>\n<meta name=\"description\" content=\"Aqu\u00ed encontrar\u00e1 soluci\u00f3n de problemas, consejos de uso de HEFLO BPM y tambi\u00e9n actualizaciones. \u00a1Conozca nuestra Base de Conocimiento!\" \/>\n<meta name=\"robots\" content=\"index, follow, max-snippet:-1, max-image-preview:large, max-video-preview:-1\" \/>\n<link rel=\"canonical\" href=\"https:\/\/kb.heflo.com\/es\/home\/\" \/>\n<meta property=\"og:locale\" content=\"es_ES\" \/>\n<meta property=\"og:type\" content=\"article\" \/>\n<meta property=\"og:title\" content=\"\u00a1HEFLO! \u00bfC\u00f3mo podemos ayudarlo?\" \/>\n<meta property=\"og:description\" content=\"Aqu\u00ed encontrar\u00e1 soluci\u00f3n de problemas, consejos de uso de HEFLO BPM y tambi\u00e9n actualizaciones. \u00a1Conozca nuestra Base de Conocimiento!\" \/>\n<meta property=\"og:url\" content=\"https:\/\/kb.heflo.com\/es\/home\/\" \/>\n<meta property=\"og:site_name\" content=\"HEFLO Centro de Ayuda\" \/>\n<meta property=\"article:modified_time\" content=\"2017-07-18T21:14:38+00:00\" \/>\n<meta name=\"twitter:card\" content=\"summary\" \/>\n<script type=\"application\/ld+json\" class=\"yoast-schema-graph\">{\"@context\":\"https:\/\/schema.org\",\"@graph\":[{\"@type\":\"WebSite\",\"@id\":\"https:\/\/kb.heflo.com\/es\/#website\",\"url\":\"https:\/\/kb.heflo.com\/es\/\",\"name\":\"HEFLO Centro de Ayuda\",\"description\":\"HEFLO Centro de Ayuda\",\"potentialAction\":[{\"@type\":\"SearchAction\",\"target\":{\"@type\":\"EntryPoint\",\"urlTemplate\":\"https:\/\/kb.heflo.com\/es\/?s={search_term_string}\"},\"query-input\":\"required name=search_term_string\"}],\"inLanguage\":\"es\"},{\"@type\":\"WebPage\",\"@id\":\"https:\/\/kb.heflo.com\/es\/home\/#webpage\",\"url\":\"https:\/\/kb.heflo.com\/es\/home\/\",\"name\":\"\\u00a1HEFLO! \\u00bfC\\u00f3mo podemos ayudarlo?\",\"isPartOf\":{\"@id\":\"https:\/\/kb.heflo.com\/es\/#website\"},\"datePublished\":\"2017-06-21T21:53:16+00:00\",\"dateModified\":\"2017-07-18T21:14:38+00:00\",\"description\":\"Aqu\\u00ed encontrar\\u00e1 soluci\\u00f3n de problemas, consejos de uso de HEFLO BPM y tambi\\u00e9n actualizaciones. \\u00a1Conozca nuestra Base de Conocimiento!\",\"breadcrumb\":{\"@id\":\"https:\/\/kb.heflo.com\/es\/home\/#breadcrumb\"},\"inLanguage\":\"es\",\"potentialAction\":[{\"@type\":\"ReadAction\",\"target\":[\"https:\/\/kb.heflo.com\/es\/home\/\"]}]},{\"@type\":\"BreadcrumbList\",\"@id\":\"https:\/\/kb.heflo.com\/es\/home\/#breadcrumb\",\"itemListElement\":[{\"@type\":\"ListItem\",\"position\":1,\"name\":\"Home\",\"item\":\"https:\/\/kb.heflo.com\/es\/\"},{\"@type\":\"ListItem\",\"position\":2,\"name\":\"Home\"}]}]}<\/script>\n<!-- \/ Yoast SEO plugin. -->","yoast_head_json":{"title":"\u00a1HEFLO! \u00bfC\u00f3mo podemos ayudarlo?","description":"Aqu\u00ed encontrar\u00e1 soluci\u00f3n de problemas, consejos de uso de HEFLO BPM y tambi\u00e9n actualizaciones. \u00a1Conozca nuestra Base de Conocimiento!","robots":{"index":"index","follow":"follow","max-snippet":"max-snippet:-1","max-image-preview":"max-image-preview:large","max-video-preview":"max-video-preview:-1"},"canonical":"https:\/\/kb.heflo.com\/es\/home\/","og_locale":"es_ES","og_type":"article","og_title":"\u00a1HEFLO! \u00bfC\u00f3mo podemos ayudarlo?","og_description":"Aqu\u00ed encontrar\u00e1 soluci\u00f3n de problemas, consejos de uso de HEFLO BPM y tambi\u00e9n actualizaciones. \u00a1Conozca nuestra Base de Conocimiento!","og_url":"https:\/\/kb.heflo.com\/es\/home\/","og_site_name":"HEFLO Centro de Ayuda","article_modified_time":"2017-07-18T21:14:38+00:00","twitter_card":"summary","schema":{"@context":"https:\/\/schema.org","@graph":[{"@type":"WebSite","@id":"https:\/\/kb.heflo.com\/es\/#website","url":"https:\/\/kb.heflo.com\/es\/","name":"HEFLO Centro de Ayuda","description":"HEFLO Centro de Ayuda","potentialAction":[{"@type":"SearchAction","target":{"@type":"EntryPoint","urlTemplate":"https:\/\/kb.heflo.com\/es\/?s={search_term_string}"},"query-input":"required name=search_term_string"}],"inLanguage":"es"},{"@type":"WebPage","@id":"https:\/\/kb.heflo.com\/es\/home\/#webpage","url":"https:\/\/kb.heflo.com\/es\/home\/","name":"\u00a1HEFLO! \u00bfC\u00f3mo podemos ayudarlo?","isPartOf":{"@id":"https:\/\/kb.heflo.com\/es\/#website"},"datePublished":"2017-06-21T21:53:16+00:00","dateModified":"2017-07-18T21:14:38+00:00","description":"Aqu\u00ed encontrar\u00e1 soluci\u00f3n de problemas, consejos de uso de HEFLO BPM y tambi\u00e9n actualizaciones. \u00a1Conozca nuestra Base de Conocimiento!","breadcrumb":{"@id":"https:\/\/kb.heflo.com\/es\/home\/#breadcrumb"},"inLanguage":"es","potentialAction":[{"@type":"ReadAction","target":["https:\/\/kb.heflo.com\/es\/home\/"]}]},{"@type":"BreadcrumbList","@id":"https:\/\/kb.heflo.com\/es\/home\/#breadcrumb","itemListElement":[{"@type":"ListItem","position":1,"name":"Home","item":"https:\/\/kb.heflo.com\/es\/"},{"@type":"ListItem","position":2,"name":"Home"}]}]}},"_links":{"self":[{"href":"https:\/\/kb.heflo.com\/es\/wp-json\/wp\/v2\/pages\/25"}],"collection":[{"href":"https:\/\/kb.heflo.com\/es\/wp-json\/wp\/v2\/pages"}],"about":[{"href":"https:\/\/kb.heflo.com\/es\/wp-json\/wp\/v2\/types\/page"}],"author":[{"embeddable":true,"href":"https:\/\/kb.heflo.com\/es\/wp-json\/wp\/v2\/users\/1"}],"replies":[{"embeddable":true,"href":"https:\/\/kb.heflo.com\/es\/wp-json\/wp\/v2\/comments?post=25"}],"version-history":[{"count":1,"href":"https:\/\/kb.heflo.com\/es\/wp-json\/wp\/v2\/pages\/25\/revisions"}],"predecessor-version":[{"id":26,"href":"https:\/\/kb.heflo.com\/es\/wp-json\/wp\/v2\/pages\/25\/revisions\/26"}],"wp:attachment":[{"href":"https:\/\/kb.heflo.com\/es\/wp-json\/wp\/v2\/media?parent=25"}],"curies":[{"name":"wp","href":"https:\/\/api.w.org\/{rel}","templated":true}]}}